{"id":2618,"date":"2022-04-19T10:52:21","date_gmt":"2022-04-19T08:52:21","guid":{"rendered":"https:\/\/www.campingaudenge.com\/politique-de-confidentialite\/"},"modified":"2022-11-30T12:13:25","modified_gmt":"2022-11-30T11:13:25","slug":"politica-de-privacidad","status":"publish","type":"page","link":"https:\/\/www.campingaudenge.com\/es\/politica-de-privacidad\/","title":{"rendered":"Pol\u00edtica de privacidad"},"content":{"rendered":"<section id=\"ls-section-block_66628f2f5f643d1e69e9082c805aa7e8\" class=\"ls-section \" >\r\n        <div class=\"container container--wide\">\r\n        \n\n<div class=\"wp-block-columns is-layout-flex wp-container-core-columns-is-layout-9d6595d7 wp-block-columns-is-layout-flex\">\n<div class=\"wp-block-column is-layout-flow wp-block-column-is-layout-flow\">\n<h1 class=\"ls-heading wp-block-heading\">Pol\u00edtica de privacidad<\/h1>\n\n\n\n<p class=\"ls-paragraph\">Esta pol\u00edtica de privacidad describe los datos personales que se recogen o generan (procesan) cuando usted utiliza el sitio web. Esta pol\u00edtica de privacidad describe los tipos de datos personales que se recogen cuando usted utiliza nuestro sitio y c\u00f3mo se utilizan, comparten y protegen sus datos personales. Tambi\u00e9n explica las opciones que tiene en relaci\u00f3n con sus datos personales y c\u00f3mo ponerse en contacto con nosotros.<\/p>\n<\/div>\n<\/div>\n\n\n\n<h2 class=\"ls-heading wp-block-heading\">\u00cdndice de contenidos<\/h2>\n\n\n\n<ol class=\"ls-list wp-block-list\"><li><a href=\"https:\/\/www.campingaudenge.com\/es\/politica-de-privacidad\/#rgpd-1\/\">\u00bfQui\u00e9nes somos?<\/a><\/li><li><a href=\"#rgpd-2\">Uso de los datos personales recogidos<\/a><\/li><li><a href=\"#rgpd-3\">Comentarios<\/a><\/li><li><a href=\"#rgpd-4\">Medios de comunicaci\u00f3n<\/a><\/li><li><a href=\"#rgpd-5\">Formulario de contacto<\/a><\/li><li><a href=\"#rgpd-6\">Uso de cookies<\/a><\/li><li><a href=\"#rgpd-7\">Estad\u00edsticas y medici\u00f3n de la audiencia<\/a><\/li><li><a href=\"#rgpd-8\">Cu\u00e1nto tiempo se almacenan sus datos<\/a><\/li><li><a href=\"#rgpd-9\">Los derechos que tiene sobre sus datos<\/a><\/li><li><a href=\"#rgpd-10\">Transmisi\u00f3n de sus datos personales<\/a><\/li><li><a href=\"#rgpd-11\">C\u00f3mo protegemos sus datos<\/a><\/li><li><a href=\"#rgpd-12\">Informaci\u00f3n de contacto<\/a><\/li><\/ol>\n\n\n\n<div class=\"wp-block-columns is-layout-flex wp-container-core-columns-is-layout-9d6595d7 wp-block-columns-is-layout-flex\">\n<div class=\"wp-block-column is-layout-flow wp-block-column-is-layout-flow\">\n<h2 class=\"ls-heading wp-block-heading\" id=\"rgpd-1\">\u00bfQui\u00e9nes somos?<\/h2>\n\n\n\n<p class=\"ls-paragraph\">Descubra toda nuestra informaci\u00f3n en la p\u00e1gina&nbsp;<a href=\"https:\/\/www.campingaudenge.com\/es\/informaciones-legales\/\">avisos legales.<\/a><\/p>\n<\/div>\n<\/div>\n\n\n\n<div class=\"wp-block-columns is-layout-flex wp-container-core-columns-is-layout-9d6595d7 wp-block-columns-is-layout-flex\">\n<div class=\"wp-block-column is-layout-flow wp-block-column-is-layout-flow\">\n<h2 class=\"ls-heading wp-block-heading\" id=\"rgpd-2\">USO DE LOS DATOS PERSONALES RECOGIDOS<\/h2>\n\n\n\n<p class=\"ls-paragraph\">No recogemos autom\u00e1tica y directamente ning\u00fan dato sobre usted.<\/p>\n\n\n\n<p class=\"ls-paragraph\">No obstante, podemos recopilar informaci\u00f3n, incluida la informaci\u00f3n personal, de terceros (ver secci\u00f3n&nbsp;<a href=\"#rgpd-6\">Cookies<\/a>).<\/p>\n<\/div>\n<\/div>\n\n\n\n<div class=\"wp-block-columns is-layout-flex wp-container-core-columns-is-layout-9d6595d7 wp-block-columns-is-layout-flex\">\n<div class=\"wp-block-column is-layout-flow wp-block-column-is-layout-flow\">\n<h2 class=\"ls-heading wp-block-heading\" id=\"rgpd-3\">Comentarios<\/h2>\n\n\n\n<p class=\"ls-paragraph\">Cuando deja un comentario en nuestro sitio web, se recogen los datos introducidos en el formulario de comentarios, pero tambi\u00e9n su direcci\u00f3n IP y el agente de usuario de su navegador para ayudarnos a detectar comentarios no deseados.<\/p>\n\n\n\n<p class=\"ls-paragraph\">Una cadena an\u00f3nima creada a partir de tu direcci\u00f3n de correo electr\u00f3nico (tambi\u00e9n conocida como hash) puede ser enviada al servicio Gravatar para comprobar si est\u00e1s utilizando el servicio. La pol\u00edtica de privacidad del servicio Gravatar est\u00e1 disponible. Tras la validaci\u00f3n de su comentario, su foto de perfil ser\u00e1 visible p\u00fablicamente junto a su comentario.<\/p>\n<\/div>\n<\/div>\n\n\n\n<div class=\"wp-block-columns is-layout-flex wp-container-core-columns-is-layout-9d6595d7 wp-block-columns-is-layout-flex\">\n<div class=\"wp-block-column is-layout-flow wp-block-column-is-layout-flow\">\n<h2 class=\"ls-heading wp-block-heading\" id=\"rgpd-4\">Medios de comunicaci\u00f3n<\/h2>\n\n\n\n<p class=\"ls-paragraph\">Si es un usuario registrado y sube im\u00e1genes al sitio web, le aconsejamos que evite subir im\u00e1genes que contengan datos EXIF de coordenadas GPS. Los visitantes de su sitio web pueden descargar y extraer datos de localizaci\u00f3n de estas im\u00e1genes.<\/p>\n<\/div>\n<\/div>\n\n\n\n<div class=\"wp-block-columns is-layout-flex wp-container-core-columns-is-layout-9d6595d7 wp-block-columns-is-layout-flex\">\n<div class=\"wp-block-column is-layout-flow wp-block-column-is-layout-flow\">\n<h2 class=\"ls-heading wp-block-heading\" id=\"rgpd-5\">FORMULARIO DE CONTACTO<\/h2>\n\n\n\n<p class=\"ls-paragraph\">Puede optar por proporcionarnos informaci\u00f3n al rellenar un formulario, esta informaci\u00f3n se nos enviar\u00e1 por correo electr\u00f3nico y no se almacenar\u00e1 en ning\u00fan otro lugar que no sea nuestro servicio de correo electr\u00f3nico, y se utilizar\u00e1 con el \u00fanico fin de responder a su solicitud. Si la informaci\u00f3n puede utilizarse con fines comerciales, se indicar\u00e1 al final del formulario. Siempre le pediremos su consentimiento cuando recojamos informaci\u00f3n a trav\u00e9s de un formulario.<\/p>\n<\/div>\n<\/div>\n\n\n\n<div class=\"wp-block-columns is-layout-flex wp-container-core-columns-is-layout-9d6595d7 wp-block-columns-is-layout-flex\">\n<div class=\"wp-block-column is-layout-flow wp-block-column-is-layout-flow\">\n<h2 class=\"ls-heading wp-block-heading\" id=\"rgpd-6\">USO DE COOKIES<\/h2>\n\n\n\n<h3 class=\"ls-heading wp-block-heading\">\u00bfQU\u00c9 ES UN cookie?<\/h3>\n\n\n\n<p class=\"ls-paragraph\">Una cookie es un peque\u00f1o archivo de datos que se transfiere y almacena en su dispositivo. En la pr\u00e1ctica, una cookie nos permite reconocer su navegador, su idioma o almacenar sus preferencias.<br>En nuestro sitio se utilizan dos tipos de cookies: \u00abcookies de sesi\u00f3n\u00bb y \u00abcookies persistentes\u00bb. Las cookies de sesi\u00f3n expiran cuando usted cierra su navegador, mientras que las cookies persistentes permanecen en su dispositivo despu\u00e9s de cerrar su navegador y pueden ser utilizadas de nuevo la pr\u00f3xima vez que visite nuestro sitio.<\/p>\n\n\n\n<p class=\"ls-paragraph\">M\u00e1s informaci\u00f3n sobre&nbsp;<a href=\"https:\/\/www.allaboutcookies.org\/fr\/\" target=\"_blank\" rel=\"noreferrer noopener\">allaboutcookies.org<\/a>.<\/p>\n\n\n\n<h3 class=\"ls-heading wp-block-heading\"><strong>Nos cookies<\/strong><\/h3>\n\n\n\n<p class=\"ls-paragraph\">Si deja un comentario en nuestro sitio, se le pedir\u00e1 que guarde su nombre, direcci\u00f3n de correo electr\u00f3nico y sitio web en las cookies. Esto es s\u00f3lo para su comodidad, para que no tenga que introducir esta informaci\u00f3n si deja otro comentario m\u00e1s tarde. Estas cookies caducan al cabo de un a\u00f1o.<\/p>\n\n\n\n<p class=\"ls-paragraph\">Si tiene una cuenta y se conecta a este sitio, se crear\u00e1 una cookie temporal para determinar si su navegador acepta cookies. No contiene ning\u00fan dato personal y se eliminar\u00e1 autom\u00e1ticamente al cerrar el navegador.<\/p>\n\n\n\n<p class=\"ls-paragraph\">Al iniciar la sesi\u00f3n, estableceremos una serie de cookies para registrar su informaci\u00f3n de inicio de sesi\u00f3n y sus preferencias de pantalla. La vida de una cookie de inicio de sesi\u00f3n es de dos d\u00edas, y la vida de una cookie de preferencias de pantalla es de un a\u00f1o. Si marca la opci\u00f3n \u00abRecordarme\u00bb, su cookie de inicio de sesi\u00f3n se conservar\u00e1 durante quince d\u00edas. Si cierra la sesi\u00f3n de su cuenta, la cookie de inicio de sesi\u00f3n se eliminar\u00e1.<\/p>\n\n\n\n<p class=\"ls-paragraph\">Al editar o publicar un art\u00edculo, se almacenar\u00e1 una cookie adicional en su navegador. Esta cookie no contiene ning\u00fan dato personal. Simplemente indica el identificador del art\u00edculo que acaba de modificar. Caduca al cabo de un d\u00eda.<\/p>\n\n\n\n<h3 class=\"ls-heading wp-block-heading\">Les cookies tiers<\/h3>\n\n\n\n<p class=\"ls-paragraph\">Los art\u00edculos de este sitio pueden incluir contenido incrustado (por ejemplo, v\u00eddeos, im\u00e1genes, art\u00edculos\u2026). El contenido incrustado de otros sitios se comporta de la misma manera que si el visitante estuviera en ese otro sitio.<\/p>\n\n\n\n<p class=\"ls-paragraph\">Estos sitios web pueden recopilar datos sobre usted, utilizar cookies, incrustar herramientas de seguimiento de terceros, rastrear sus interacciones con estos contenidos incrustados si tiene una cuenta iniciada en su sitio web.<\/p>\n\n\n\n<p class=\"ls-paragraph\">Podemos permitir que ciertos socios comerciales instalen tecnolog\u00edas en nuestro sitio. Estos socios utilizan estas tecnolog\u00edas para ayudarnos a analizar c\u00f3mo utiliza usted el sitio, por ejemplo, tomando nota de los servicios de terceros a trav\u00e9s de los cuales lleg\u00f3 a la Plataforma, para comercializar y promocionar nuestros servicios en nuestro sitio y en sitios web de terceros, para ayudarnos a detectar y prevenir el fraude o realizar evaluaciones de riesgo, o para recopilar informaci\u00f3n sobre sus actividades en el sitio web.<\/p>\n\n\n\n<p class=\"ls-paragraph\">Nuestro sitio web puede utilizar plugins sociales proporcionados y operados por terceras empresas, como el bot\u00f3n \u00abMe gusta\u00bb de Facebook. Como resultado, usted puede enviar a la tercera parte la informaci\u00f3n que ve en un \u00e1rea particular de nuestro sitio. Si no est\u00e1 conectado a su cuenta con el tercero, \u00e9ste no sabr\u00e1 qui\u00e9n es usted. Si est\u00e1 conectado a su cuenta con el tercero, \u00e9ste puede vincular la informaci\u00f3n o las acciones relacionadas con sus interacciones con nuestro sitio a su cuenta con el tercero. Por favor, consulte la pol\u00edtica de privacidad de la tercera parte para saber m\u00e1s sobre sus pr\u00e1cticas de datos.<\/p>\n\n\n\n<p class=\"ls-paragraph\">La lista de cookies de terceros utilizadas en este sitio est\u00e1 disponible en el&nbsp;<a href=\"\/#moove_gdpr_cookie_modal\">panel de gesti\u00f3n de cookies<\/a>.<\/p>\n<\/div>\n<\/div>\n\n\n\n<div class=\"wp-block-columns is-layout-flex wp-container-core-columns-is-layout-9d6595d7 wp-block-columns-is-layout-flex\">\n<div class=\"wp-block-column is-layout-flow wp-block-column-is-layout-flow\">\n<h2 class=\"ls-heading wp-block-heading\" id=\"rgpd-7\">ESTAD\u00cdSTICAS Y MEDICI\u00d3N DE LA AUDIENCIA<\/h2>\n\n\n\n<p class=\"ls-paragraph\">Utilizamos Google Analytics para obtener informaci\u00f3n sobre el uso de nuestro sitio web con el fin de mejorarlo. Esto se puede desactivar desde el&nbsp;<a href=\"\/#moove_gdpr_cookie_modal\">panel de gesti\u00f3n de cookies<\/a>.<\/p>\n\n\n\n<p class=\"ls-paragraph\">Para evitar que Google Analytics utilice su informaci\u00f3n con fines de an\u00e1lisis, tambi\u00e9n puede instalar el complemento de inhabilitaci\u00f3n para navegadores de Google Analytics haciendo clic en&nbsp;<a href=\"https:\/\/tools.google.com\/dlpage\/gaoptout\" target=\"_blank\" rel=\"noreferrer noopener\">aqu\u00ed<\/a>. Tenga en cuenta que no tenemos ning\u00fan control sobre este enlace de desactivaci\u00f3n y no somos responsables de la disponibilidad o exactitud de este mecanismo. Visite&nbsp;<a href=\"https:\/\/support.google.com\/analytics\/answer\/6004245\" target=\"_blank\" rel=\"noreferrer noopener\">esta documentaci\u00f3n<\/a>&nbsp;para m\u00e1s informaci\u00f3n.<\/p>\n<\/div>\n<\/div>\n\n\n\n<div class=\"wp-block-columns is-layout-flex wp-container-core-columns-is-layout-9d6595d7 wp-block-columns-is-layout-flex\">\n<div class=\"wp-block-column is-layout-flow wp-block-column-is-layout-flow\">\n<h2 class=\"ls-heading wp-block-heading\" id=\"rgpd-8\">TIEMPOS DE ALMACENAMIENTO DE SUS DATOS<\/h2>\n\n\n\n<p class=\"ls-paragraph\">Si deja un comentario, el comentario y sus metadatos se conservan indefinidamente. Esto permite que los comentarios posteriores se reconozcan y aprueben autom\u00e1ticamente en lugar de quedar en la cola de moderaci\u00f3n.<\/p>\n\n\n\n<p class=\"ls-paragraph\">En el caso de los usuarios que se registran en nuestro sitio (cuando es posible), tambi\u00e9n almacenamos los datos personales indicados en su perfil. Todos los usuarios pueden ver, editar o eliminar su informaci\u00f3n personal en cualquier momento (a excepci\u00f3n de su nombre de usuario). Los administradores del sitio tambi\u00e9n pueden ver y modificar esta informaci\u00f3n.<\/p>\n<\/div>\n<\/div>\n\n\n\n<div class=\"wp-block-columns is-layout-flex wp-container-core-columns-is-layout-9d6595d7 wp-block-columns-is-layout-flex\">\n<div class=\"wp-block-column is-layout-flow wp-block-column-is-layout-flow\">\n<h2 class=\"ls-heading wp-block-heading\" id=\"rgpd-9\">LOS DERECHOS QUE TIENE SOBRE SUS DATOS<\/h2>\n\n\n\n<p class=\"ls-paragraph\">Si tiene una cuenta o ha dejado comentarios en el sitio, puede solicitar que le enviemos un archivo con todos los datos personales que tenemos sobre usted, incluidos los que nos ha proporcionado. Tambi\u00e9n puede solicitar la supresi\u00f3n de sus datos personales. Esto no incluye los datos almacenados con fines administrativos, legales o de seguridad.<\/p>\n<\/div>\n<\/div>\n\n\n\n<div class=\"wp-block-columns is-layout-flex wp-container-core-columns-is-layout-9d6595d7 wp-block-columns-is-layout-flex\">\n<div class=\"wp-block-column is-layout-flow wp-block-column-is-layout-flow\">\n<h2 class=\"ls-heading wp-block-heading\" id=\"rgpd-10\">TRANSMISI\u00d3N DE SUS DATOS PERSONALES<\/h2>\n\n\n\n<p class=\"ls-paragraph\">Los comentarios de los visitantes pueden ser revisados con un servicio autom\u00e1tico de detecci\u00f3n de spam<br>Todos los datos personales que tratamos se procesan en la Uni\u00f3n Europea.<\/p>\n<\/div>\n<\/div>\n\n\n\n<div class=\"wp-block-columns is-layout-flex wp-container-core-columns-is-layout-9d6595d7 wp-block-columns-is-layout-flex\">\n<div class=\"wp-block-column is-layout-flow wp-block-column-is-layout-flow\">\n<h2 class=\"ls-heading wp-block-heading\" id=\"rgpd-11\">C\u00d3MO PROTEGEMOS SUS DATOS<\/h2>\n\n\n\n<p class=\"ls-paragraph\">Implementamos y actualizamos continuamente la seguridad del sitio para proteger su informaci\u00f3n del acceso no autorizado, la p\u00e9rdida, la destrucci\u00f3n o la alteraci\u00f3n. Por ello, trabajamos para que sus datos sean lo m\u00e1s invulnerables posible. Dado que Internet no es un entorno 100% seguro, no podemos garantizar plenamente la seguridad de la transmisi\u00f3n o el almacenamiento de su informaci\u00f3n.<\/p>\n<\/div>\n<\/div>\n\n\n\n<div class=\"wp-block-columns is-layout-flex wp-container-core-columns-is-layout-9d6595d7 wp-block-columns-is-layout-flex\">\n<div class=\"wp-block-column is-layout-flow wp-block-column-is-layout-flow\">\n<h2 class=\"ls-heading wp-block-heading\" id=\"rgpd-12\">INFORMACI\u00d3N DE CONTACTO<\/h2>\n\n\n\n<p class=\"ls-paragraph\">Si tiene alguna solicitud o pregunta sobre sus datos personales, p\u00f3ngase en contacto con nosotros en rgpd@geek-tonic.com, otros datos de contacto est\u00e1n disponibles en nuestra&nbsp;<a href=\"https:\/\/www.campingaudenge.com\/es\/mentions-legales\/\">avisos legales<\/a>. Tenga en cuenta que podemos pedirle que verifique su identidad antes de dar curso a su solicitud.<\/p>\n<\/div>\n<\/div>\n\n\r\n    <\/div>\r\n<\/section>","protected":false},"excerpt":{"rendered":"","protected":false},"author":1,"featured_media":0,"parent":0,"menu_order":0,"comment_status":"closed","ping_status":"closed","template":"","meta":{"_acf_changed":false,"footnotes":""},"sujet":[],"class_list":["post-2618","page","type-page","status-publish","hentry"],"acf":[],"yoast_head":"<!-- This site is optimized with the Yoast SEO plugin v25.3 - https:\/\/yoast.com\/wordpress\/plugins\/seo\/ -->\n<title>Pol\u00edtica de privacidad - Camping Le Braou<\/title>\n<meta name=\"robots\" content=\"noindex, nofollow\" \/>\n<meta property=\"og:locale\" content=\"es_ES\" \/>\n<meta property=\"og:type\" content=\"article\" \/>\n<meta property=\"og:title\" content=\"Pol\u00edtica de privacidad - Camping Le Braou\" \/>\n<meta property=\"og:url\" content=\"https:\/\/www.campingaudenge.com\/es\/politica-de-privacidad\/\" \/>\n<meta property=\"og:site_name\" content=\"Camping Le Braou\" \/>\n<meta property=\"article:modified_time\" content=\"2022-11-30T11:13:25+00:00\" \/>\n<meta name=\"twitter:card\" content=\"summary_large_image\" \/>\n<meta name=\"twitter:label1\" content=\"Tiempo de lectura\" \/>\n\t<meta name=\"twitter:data1\" content=\"7 minutos\" \/>\n<script type=\"application\/ld+json\" class=\"yoast-schema-graph\">{\"@context\":\"https:\/\/schema.org\",\"@graph\":[{\"@type\":\"WebPage\",\"@id\":\"https:\/\/www.campingaudenge.com\/es\/politica-de-privacidad\/\",\"url\":\"https:\/\/www.campingaudenge.com\/es\/politica-de-privacidad\/\",\"name\":\"Pol\u00edtica de privacidad - Camping Le Braou\",\"isPartOf\":{\"@id\":\"https:\/\/www.campingaudenge.com\/#website\"},\"datePublished\":\"2022-04-19T08:52:21+00:00\",\"dateModified\":\"2022-11-30T11:13:25+00:00\",\"breadcrumb\":{\"@id\":\"https:\/\/www.campingaudenge.com\/es\/politica-de-privacidad\/#breadcrumb\"},\"inLanguage\":\"es\",\"potentialAction\":[{\"@type\":\"ReadAction\",\"target\":[\"https:\/\/www.campingaudenge.com\/es\/politica-de-privacidad\/\"]}]},{\"@type\":\"BreadcrumbList\",\"@id\":\"https:\/\/www.campingaudenge.com\/es\/politica-de-privacidad\/#breadcrumb\",\"itemListElement\":[{\"@type\":\"ListItem\",\"position\":1,\"name\":\"Camping Gironde\",\"item\":\"https:\/\/www.campingaudenge.com\/es\/\"},{\"@type\":\"ListItem\",\"position\":2,\"name\":\"Pol\u00edtica de privacidad\"}]},{\"@type\":\"WebSite\",\"@id\":\"https:\/\/www.campingaudenge.com\/#website\",\"url\":\"https:\/\/www.campingaudenge.com\/\",\"name\":\"Camping Le Braou\",\"description\":\"\",\"publisher\":{\"@id\":\"https:\/\/www.campingaudenge.com\/#organization\"},\"potentialAction\":[{\"@type\":\"SearchAction\",\"target\":{\"@type\":\"EntryPoint\",\"urlTemplate\":\"https:\/\/www.campingaudenge.com\/?s={search_term_string}\"},\"query-input\":{\"@type\":\"PropertyValueSpecification\",\"valueRequired\":true,\"valueName\":\"search_term_string\"}}],\"inLanguage\":\"es\"},{\"@type\":\"Organization\",\"@id\":\"https:\/\/www.campingaudenge.com\/#organization\",\"name\":\"Camping Le Braou\",\"url\":\"https:\/\/www.campingaudenge.com\/\",\"logo\":{\"@type\":\"ImageObject\",\"inLanguage\":\"es\",\"@id\":\"https:\/\/www.campingaudenge.com\/#\/schema\/logo\/image\/\",\"url\":\"https:\/\/www.campingaudenge.com\/wp-content\/uploads\/2022\/04\/logo-camping-du-braou.jpg\",\"contentUrl\":\"https:\/\/www.campingaudenge.com\/wp-content\/uploads\/2022\/04\/logo-camping-du-braou.jpg\",\"width\":218,\"height\":218,\"caption\":\"Camping Le Braou\"},\"image\":{\"@id\":\"https:\/\/www.campingaudenge.com\/#\/schema\/logo\/image\/\"}}]}<\/script>\n<!-- \/ Yoast SEO plugin. -->","yoast_head_json":{"title":"Pol\u00edtica de privacidad - Camping Le Braou","robots":{"index":"noindex","follow":"nofollow"},"og_locale":"es_ES","og_type":"article","og_title":"Pol\u00edtica de privacidad - Camping Le Braou","og_url":"https:\/\/www.campingaudenge.com\/es\/politica-de-privacidad\/","og_site_name":"Camping Le Braou","article_modified_time":"2022-11-30T11:13:25+00:00","twitter_card":"summary_large_image","twitter_misc":{"Tiempo de lectura":"7 minutos"},"schema":{"@context":"https:\/\/schema.org","@graph":[{"@type":"WebPage","@id":"https:\/\/www.campingaudenge.com\/es\/politica-de-privacidad\/","url":"https:\/\/www.campingaudenge.com\/es\/politica-de-privacidad\/","name":"Pol\u00edtica de privacidad - Camping Le Braou","isPartOf":{"@id":"https:\/\/www.campingaudenge.com\/#website"},"datePublished":"2022-04-19T08:52:21+00:00","dateModified":"2022-11-30T11:13:25+00:00","breadcrumb":{"@id":"https:\/\/www.campingaudenge.com\/es\/politica-de-privacidad\/#breadcrumb"},"inLanguage":"es","potentialAction":[{"@type":"ReadAction","target":["https:\/\/www.campingaudenge.com\/es\/politica-de-privacidad\/"]}]},{"@type":"BreadcrumbList","@id":"https:\/\/www.campingaudenge.com\/es\/politica-de-privacidad\/#breadcrumb","itemListElement":[{"@type":"ListItem","position":1,"name":"Camping Gironde","item":"https:\/\/www.campingaudenge.com\/es\/"},{"@type":"ListItem","position":2,"name":"Pol\u00edtica de privacidad"}]},{"@type":"WebSite","@id":"https:\/\/www.campingaudenge.com\/#website","url":"https:\/\/www.campingaudenge.com\/","name":"Camping Le Braou","description":"","publisher":{"@id":"https:\/\/www.campingaudenge.com\/#organization"},"potentialAction":[{"@type":"SearchAction","target":{"@type":"EntryPoint","urlTemplate":"https:\/\/www.campingaudenge.com\/?s={search_term_string}"},"query-input":{"@type":"PropertyValueSpecification","valueRequired":true,"valueName":"search_term_string"}}],"inLanguage":"es"},{"@type":"Organization","@id":"https:\/\/www.campingaudenge.com\/#organization","name":"Camping Le Braou","url":"https:\/\/www.campingaudenge.com\/","logo":{"@type":"ImageObject","inLanguage":"es","@id":"https:\/\/www.campingaudenge.com\/#\/schema\/logo\/image\/","url":"https:\/\/www.campingaudenge.com\/wp-content\/uploads\/2022\/04\/logo-camping-du-braou.jpg","contentUrl":"https:\/\/www.campingaudenge.com\/wp-content\/uploads\/2022\/04\/logo-camping-du-braou.jpg","width":218,"height":218,"caption":"Camping Le Braou"},"image":{"@id":"https:\/\/www.campingaudenge.com\/#\/schema\/logo\/image\/"}}]}},"_links":{"self":[{"href":"https:\/\/www.campingaudenge.com\/es\/wp-json\/wp\/v2\/pages\/2618","targetHints":{"allow":["GET"]}}],"collection":[{"href":"https:\/\/www.campingaudenge.com\/es\/wp-json\/wp\/v2\/pages"}],"about":[{"href":"https:\/\/www.campingaudenge.com\/es\/wp-json\/wp\/v2\/types\/page"}],"author":[{"embeddable":true,"href":"https:\/\/www.campingaudenge.com\/es\/wp-json\/wp\/v2\/users\/1"}],"replies":[{"embeddable":true,"href":"https:\/\/www.campingaudenge.com\/es\/wp-json\/wp\/v2\/comments?post=2618"}],"version-history":[{"count":4,"href":"https:\/\/www.campingaudenge.com\/es\/wp-json\/wp\/v2\/pages\/2618\/revisions"}],"predecessor-version":[{"id":2958,"href":"https:\/\/www.campingaudenge.com\/es\/wp-json\/wp\/v2\/pages\/2618\/revisions\/2958"}],"wp:attachment":[{"href":"https:\/\/www.campingaudenge.com\/es\/wp-json\/wp\/v2\/media?parent=2618"}],"wp:term":[{"taxonomy":"sujet","embeddable":true,"href":"https:\/\/www.campingaudenge.com\/es\/wp-json\/wp\/v2\/sujet?post=2618"}],"curies":[{"name":"wp","href":"https:\/\/api.w.org\/{rel}","templated":true}]}}