{"id":2609,"date":"2022-06-30T10:58:00","date_gmt":"2022-06-30T08:58:00","guid":{"rendered":"https:\/\/www.campingaudenge.com\/mentions-legales\/"},"modified":"2022-10-05T13:41:13","modified_gmt":"2022-10-05T11:41:13","slug":"informaciones-legales","status":"publish","type":"page","link":"https:\/\/www.campingaudenge.com\/es\/informaciones-legales\/","title":{"rendered":"Informaci\u00f3nes legales"},"content":{"rendered":"<section id=\"ls-section-block_62bd68d9c4c1f\" class=\"ls-section \" >\r\n        <div class=\"container \">\r\n        \n\n<div class=\"wp-block-columns is-layout-flex wp-container-core-columns-is-layout-9d6595d7 wp-block-columns-is-layout-flex\">\n<div class=\"wp-block-column is-layout-flow wp-block-column-is-layout-flow\">\n<h1 class=\"ls__heading has-text-align-center wp-block-heading\">Informaci\u00f3n legal<\/h1>\n\n\n\n<h2 class=\"ls__heading has-text-align-center wp-block-heading\">Realizaci\u00f3n<\/h2>\n\n\n\n<p class=\"ls-paragraph has-text-align-center\">26 Rte de Bordeaux, 33980 Audenge<\/p>\n\n\n\n<p class=\"ls-paragraph has-text-align-center\">Tel\u00e9fono : 05 56 26 49 98<\/p>\n\n\n\n<p class=\"ls-paragraph has-text-align-center\">Correo electr\u00f3nico : campingmunicipal@mairie-audenge.fr<\/p>\n\n\n\n<p class=\"ls-paragraph has-text-align-center\">SIRET : 213 300 1970 0075<\/p>\n\n\n\n<p class=\"ls-paragraph has-text-align-center\">Redactor Jefe y Director de Publicaciones : Nathalie LE YONDRE et Laure PEREIRA<\/p>\n<\/div>\n<\/div>\n\n\n\n<div class=\"wp-block-columns is-layout-flex wp-container-core-columns-is-layout-9d6595d7 wp-block-columns-is-layout-flex\">\n<div class=\"wp-block-column is-layout-flow wp-block-column-is-layout-flow\">\n<h2 class=\"ls__heading has-text-align-center wp-block-heading\">Editor del sitio<\/h2>\n\n\n\n<p class=\"ls-paragraph has-text-align-center\">GEEK TONIC<br>Representado por el Sr. Yohan Darmayan en su calidad de gerente<br>Sede central : 1 all\u00e9e Pierre Georges Lat\u00e9co\u00e8re \u2013 64200 Biarritz<br>T\u00e9l : 09 72 49 05 44<br>E-mail : support@geektonic.com<br>Sitio web : <a href=\"https:\/\/www.geek-tonic.com\/\">www.geektonic.com<\/a><br>SIRET : 89746755100015<br>APE : 6201Z<\/p>\n<\/div>\n<\/div>\n\n\n\n<div class=\"wp-block-columns is-layout-flex wp-container-core-columns-is-layout-9d6595d7 wp-block-columns-is-layout-flex\">\n<div class=\"wp-block-column is-layout-flow wp-block-column-is-layout-flow\">\n<h2 class=\"ls-heading wp-block-heading\">DERECHOS DE AUTOR Y AUTOR\u00cdA<\/h2>\n\n\n\n<p class=\"ls-paragraph\">El conjunto del contenido de este sitio depende de los derechos de autor as\u00ed como de la propiedad intelectual de la legislaci\u00f3n francesa Toda reproducci\u00f3n (incluidas las fotograf\u00edas, los iconos y los documentos descargables) est\u00e1 prohibida sin acuerdo previo de GEEKTONIC. Queda prohibida la reproducci\u00f3n en un soporte electr\u00f3nico de la totalidad o parte del sitio en papel o en formato electr\u00f3nico. GeekTonic declina toda responsabilidad por el contenido del sitio web. GeekTonic tambi\u00e9n rechaza cualquier responsabilidad por los enlaces externos a este sitio.<\/p>\n<\/div>\n<\/div>\n\n\n\n<div class=\"wp-block-columns is-layout-flex wp-container-core-columns-is-layout-9d6595d7 wp-block-columns-is-layout-flex\">\n<div class=\"wp-block-column is-layout-flow wp-block-column-is-layout-flow\">\n<h2 class=\"ls-heading wp-block-heading\">DATOS PERSONALES E INFORMACI\u00d3N NOMINATIVA<\/h2>\n\n\n\n<p class=\"ls-paragraph\">Tiene derecho a acceder, modificar, rectificar y suprimir los datos que le conciernen de conformidad con el art\u00edculo 34 de la Ley de Protecci\u00f3n de Datos francesa (Loi \u00bb Informatique et Libert\u00e9s \u00bb n\u00b0 78-17 de 6 de enero de 1978, modificada el 6 de agosto de 2018). Para ejercer este derecho de acceso, puede hacerlo enviando una solicitud por escrito al editor del sitio.<\/p>\n<\/div>\n<\/div>\n\n\n\n<div class=\"wp-block-columns is-layout-flex wp-container-core-columns-is-layout-9d6595d7 wp-block-columns-is-layout-flex\">\n<div class=\"wp-block-column is-layout-flow wp-block-column-is-layout-flow\">\n<h2 class=\"ls-heading wp-block-heading\">LEGISLACI\u00d3N<\/h2>\n\n\n\n<p class=\"ls-paragraph\">Seg\u00fan la ley del 11 de marzo de 1957 (art. 41) y el c\u00f3digo de la propiedad intelectual del 1 de julio de 1992, est\u00e1 prohibida la reproducci\u00f3n total o parcial del sitio sin autorizaci\u00f3n previa del editor del mismo. Los logotipos, elementos visuales, fotos, v\u00eddeos, cuadros gr\u00e1ficos y textos son propiedad de sus respectivos due\u00f1os. Este sitio puede, sin su conocimiento, haber sido vinculado a otros sitios por medio de enlaces hipermedia. El editor del sitio declina toda responsabilidad por la informaci\u00f3n presentada en estos otros sitios. El internauta reconoce que la utilizaci\u00f3n de este sitio se rige por el derecho franc\u00e9s.<\/p>\n<\/div>\n<\/div>\n\n\r\n    <\/div>\r\n<\/section>","protected":false},"excerpt":{"rendered":"","protected":false},"author":1,"featured_media":0,"parent":0,"menu_order":0,"comment_status":"closed","ping_status":"closed","template":"","meta":{"_acf_changed":false,"footnotes":""},"sujet":[],"class_list":["post-2609","page","type-page","status-publish","hentry"],"acf":[],"yoast_head":"<!-- This site is optimized with the Yoast SEO plugin v25.3 - https:\/\/yoast.com\/wordpress\/plugins\/seo\/ -->\n<title>Informaci\u00f3nes legales - Camping Le Braou<\/title>\n<meta name=\"robots\" content=\"noindex, nofollow\" \/>\n<meta property=\"og:locale\" content=\"es_ES\" \/>\n<meta property=\"og:type\" content=\"article\" \/>\n<meta property=\"og:title\" content=\"Informaci\u00f3nes legales - Camping Le Braou\" \/>\n<meta property=\"og:url\" content=\"https:\/\/www.campingaudenge.com\/es\/informaciones-legales\/\" \/>\n<meta property=\"og:site_name\" content=\"Camping Le Braou\" \/>\n<meta property=\"article:modified_time\" content=\"2022-10-05T11:41:13+00:00\" \/>\n<meta name=\"twitter:card\" content=\"summary_large_image\" \/>\n<meta name=\"twitter:label1\" content=\"Tiempo de lectura\" \/>\n\t<meta name=\"twitter:data1\" content=\"2 minutos\" \/>\n<script type=\"application\/ld+json\" class=\"yoast-schema-graph\">{\"@context\":\"https:\/\/schema.org\",\"@graph\":[{\"@type\":\"WebPage\",\"@id\":\"https:\/\/www.campingaudenge.com\/es\/informaciones-legales\/\",\"url\":\"https:\/\/www.campingaudenge.com\/es\/informaciones-legales\/\",\"name\":\"Informaci\u00f3nes legales - Camping Le Braou\",\"isPartOf\":{\"@id\":\"https:\/\/www.campingaudenge.com\/#website\"},\"datePublished\":\"2022-06-30T08:58:00+00:00\",\"dateModified\":\"2022-10-05T11:41:13+00:00\",\"breadcrumb\":{\"@id\":\"https:\/\/www.campingaudenge.com\/es\/informaciones-legales\/#breadcrumb\"},\"inLanguage\":\"es\",\"potentialAction\":[{\"@type\":\"ReadAction\",\"target\":[\"https:\/\/www.campingaudenge.com\/es\/informaciones-legales\/\"]}]},{\"@type\":\"BreadcrumbList\",\"@id\":\"https:\/\/www.campingaudenge.com\/es\/informaciones-legales\/#breadcrumb\",\"itemListElement\":[{\"@type\":\"ListItem\",\"position\":1,\"name\":\"Camping Gironde\",\"item\":\"https:\/\/www.campingaudenge.com\/es\/\"},{\"@type\":\"ListItem\",\"position\":2,\"name\":\"Informaci\u00f3nes legales\"}]},{\"@type\":\"WebSite\",\"@id\":\"https:\/\/www.campingaudenge.com\/#website\",\"url\":\"https:\/\/www.campingaudenge.com\/\",\"name\":\"Camping Le Braou\",\"description\":\"\",\"publisher\":{\"@id\":\"https:\/\/www.campingaudenge.com\/#organization\"},\"potentialAction\":[{\"@type\":\"SearchAction\",\"target\":{\"@type\":\"EntryPoint\",\"urlTemplate\":\"https:\/\/www.campingaudenge.com\/?s={search_term_string}\"},\"query-input\":{\"@type\":\"PropertyValueSpecification\",\"valueRequired\":true,\"valueName\":\"search_term_string\"}}],\"inLanguage\":\"es\"},{\"@type\":\"Organization\",\"@id\":\"https:\/\/www.campingaudenge.com\/#organization\",\"name\":\"Camping Le Braou\",\"url\":\"https:\/\/www.campingaudenge.com\/\",\"logo\":{\"@type\":\"ImageObject\",\"inLanguage\":\"es\",\"@id\":\"https:\/\/www.campingaudenge.com\/#\/schema\/logo\/image\/\",\"url\":\"https:\/\/www.campingaudenge.com\/wp-content\/uploads\/2022\/04\/logo-camping-du-braou.jpg\",\"contentUrl\":\"https:\/\/www.campingaudenge.com\/wp-content\/uploads\/2022\/04\/logo-camping-du-braou.jpg\",\"width\":218,\"height\":218,\"caption\":\"Camping Le Braou\"},\"image\":{\"@id\":\"https:\/\/www.campingaudenge.com\/#\/schema\/logo\/image\/\"}}]}<\/script>\n<!-- \/ Yoast SEO plugin. -->","yoast_head_json":{"title":"Informaci\u00f3nes legales - Camping Le Braou","robots":{"index":"noindex","follow":"nofollow"},"og_locale":"es_ES","og_type":"article","og_title":"Informaci\u00f3nes legales - Camping Le Braou","og_url":"https:\/\/www.campingaudenge.com\/es\/informaciones-legales\/","og_site_name":"Camping Le Braou","article_modified_time":"2022-10-05T11:41:13+00:00","twitter_card":"summary_large_image","twitter_misc":{"Tiempo de lectura":"2 minutos"},"schema":{"@context":"https:\/\/schema.org","@graph":[{"@type":"WebPage","@id":"https:\/\/www.campingaudenge.com\/es\/informaciones-legales\/","url":"https:\/\/www.campingaudenge.com\/es\/informaciones-legales\/","name":"Informaci\u00f3nes legales - Camping Le Braou","isPartOf":{"@id":"https:\/\/www.campingaudenge.com\/#website"},"datePublished":"2022-06-30T08:58:00+00:00","dateModified":"2022-10-05T11:41:13+00:00","breadcrumb":{"@id":"https:\/\/www.campingaudenge.com\/es\/informaciones-legales\/#breadcrumb"},"inLanguage":"es","potentialAction":[{"@type":"ReadAction","target":["https:\/\/www.campingaudenge.com\/es\/informaciones-legales\/"]}]},{"@type":"BreadcrumbList","@id":"https:\/\/www.campingaudenge.com\/es\/informaciones-legales\/#breadcrumb","itemListElement":[{"@type":"ListItem","position":1,"name":"Camping Gironde","item":"https:\/\/www.campingaudenge.com\/es\/"},{"@type":"ListItem","position":2,"name":"Informaci\u00f3nes legales"}]},{"@type":"WebSite","@id":"https:\/\/www.campingaudenge.com\/#website","url":"https:\/\/www.campingaudenge.com\/","name":"Camping Le Braou","description":"","publisher":{"@id":"https:\/\/www.campingaudenge.com\/#organization"},"potentialAction":[{"@type":"SearchAction","target":{"@type":"EntryPoint","urlTemplate":"https:\/\/www.campingaudenge.com\/?s={search_term_string}"},"query-input":{"@type":"PropertyValueSpecification","valueRequired":true,"valueName":"search_term_string"}}],"inLanguage":"es"},{"@type":"Organization","@id":"https:\/\/www.campingaudenge.com\/#organization","name":"Camping Le Braou","url":"https:\/\/www.campingaudenge.com\/","logo":{"@type":"ImageObject","inLanguage":"es","@id":"https:\/\/www.campingaudenge.com\/#\/schema\/logo\/image\/","url":"https:\/\/www.campingaudenge.com\/wp-content\/uploads\/2022\/04\/logo-camping-du-braou.jpg","contentUrl":"https:\/\/www.campingaudenge.com\/wp-content\/uploads\/2022\/04\/logo-camping-du-braou.jpg","width":218,"height":218,"caption":"Camping Le Braou"},"image":{"@id":"https:\/\/www.campingaudenge.com\/#\/schema\/logo\/image\/"}}]}},"_links":{"self":[{"href":"https:\/\/www.campingaudenge.com\/es\/wp-json\/wp\/v2\/pages\/2609","targetHints":{"allow":["GET"]}}],"collection":[{"href":"https:\/\/www.campingaudenge.com\/es\/wp-json\/wp\/v2\/pages"}],"about":[{"href":"https:\/\/www.campingaudenge.com\/es\/wp-json\/wp\/v2\/types\/page"}],"author":[{"embeddable":true,"href":"https:\/\/www.campingaudenge.com\/es\/wp-json\/wp\/v2\/users\/1"}],"replies":[{"embeddable":true,"href":"https:\/\/www.campingaudenge.com\/es\/wp-json\/wp\/v2\/comments?post=2609"}],"version-history":[{"count":3,"href":"https:\/\/www.campingaudenge.com\/es\/wp-json\/wp\/v2\/pages\/2609\/revisions"}],"predecessor-version":[{"id":2761,"href":"https:\/\/www.campingaudenge.com\/es\/wp-json\/wp\/v2\/pages\/2609\/revisions\/2761"}],"wp:attachment":[{"href":"https:\/\/www.campingaudenge.com\/es\/wp-json\/wp\/v2\/media?parent=2609"}],"wp:term":[{"taxonomy":"sujet","embeddable":true,"href":"https:\/\/www.campingaudenge.com\/es\/wp-json\/wp\/v2\/sujet?post=2609"}],"curies":[{"name":"wp","href":"https:\/\/api.w.org\/{rel}","templated":true}]}}