{"id":2605,"date":"2022-04-19T12:24:31","date_gmt":"2022-04-19T10:24:31","guid":{"rendered":"https:\/\/www.campingaudenge.com\/contact-acces\/"},"modified":"2022-10-10T09:39:22","modified_gmt":"2022-10-10T07:39:22","slug":"contacto-acceso","status":"publish","type":"page","link":"https:\/\/www.campingaudenge.com\/es\/contacto-acceso\/","title":{"rendered":"Contacto"},"content":{"rendered":"<section id=\"ls-section-block_62b417eff5748\" class=\"ls-section  white-background\" >\r\n        <div class=\"container container--wide\">\r\n        \n\n<div class=\"wp-block-columns is-layout-flex wp-container-core-columns-is-layout-9d6595d7 wp-block-columns-is-layout-flex\">\n<div class=\"wp-block-column is-layout-flow wp-block-column-is-layout-flow\">\n<h1 class=\"ls__heading has-text-align-left wp-block-heading\">CONTACTAR CON EL CAMPING LE BRAOU <\/h1>\n<\/div>\n<\/div>\n\n\n\n<div class=\"wp-block-columns is-layout-flex wp-container-core-columns-is-layout-9d6595d7 wp-block-columns-is-layout-flex\">\n<div class=\"wp-block-column is-vertically-aligned-center is-layout-flow wp-block-column-is-layout-flow\">\n<h2 class=\"ls-heading wp-block-heading\">Contacte con nosotros<\/h2>\n\n\n\n<p class=\"ls-paragraph\">\u00bfTodav\u00eda tiene algunas preguntas antes de reservar? Todo el equipo est\u00e1 a su disposici\u00f3n para ayudarle a elegir su vivienda de alquiler.<\/p>\n\n\n\n<p class=\"ls-paragraph\">Para m\u00e1s informaci\u00f3n, puede ponerse en contacto con nosotros por tel\u00e9fono en el +33 5 56 26 49 98, por correo electr\u00f3nico campingmunicipal@mairie-audenge.fr o a trav\u00e9s del formulario de contacto.<\/p>\n<\/div>\n\n\n\n<div class=\"wp-block-column is-layout-flow wp-block-column-is-layout-flow\">\n<div class=\"wpcf7 no-js\" id=\"wpcf7-f2758-o1\" lang=\"fr-FR\" dir=\"ltr\">\n<div class=\"screen-reader-response\"><p role=\"status\" aria-live=\"polite\" aria-atomic=\"true\"><\/p> <ul><\/ul><\/div>\n<form action=\"\/es\/wp-json\/wp\/v2\/pages\/2605#wpcf7-f2758-o1\" method=\"post\" class=\"wpcf7-form init\" aria-label=\"Formulaire de contact\" novalidate=\"novalidate\" data-status=\"init\">\n<div style=\"display: none;\">\n<input type=\"hidden\" name=\"_wpcf7\" value=\"2758\" \/>\n<input type=\"hidden\" name=\"_wpcf7_version\" value=\"5.9.8\" \/>\n<input type=\"hidden\" name=\"_wpcf7_locale\" value=\"fr_FR\" \/>\n<input type=\"hidden\" name=\"_wpcf7_unit_tag\" value=\"wpcf7-f2758-o1\" \/>\n<input type=\"hidden\" name=\"_wpcf7_container_post\" value=\"0\" \/>\n<input type=\"hidden\" name=\"_wpcf7_posted_data_hash\" value=\"\" \/>\n<input type=\"hidden\" name=\"_wpcf7_recaptcha_response\" value=\"\" \/>\n<\/div>\n<p><label> Su nombre<br \/>\n<span class=\"wpcf7-form-control-wrap\" data-name=\"your-name\"><input size=\"40\" maxlength=\"400\" class=\"wpcf7-form-control wpcf7-text wpcf7-validates-as-required\" aria-required=\"true\" aria-invalid=\"false\" value=\"\" type=\"text\" name=\"your-name\" \/><\/span> <\/label>\n<\/p>\n<p><label> Su direcci\u00f3n de correo electr\u00f3nico<br \/>\n<span class=\"wpcf7-form-control-wrap\" data-name=\"your-email\"><input size=\"40\" maxlength=\"400\" class=\"wpcf7-form-control wpcf7-email wpcf7-validates-as-required wpcf7-text wpcf7-validates-as-email\" aria-required=\"true\" aria-invalid=\"false\" value=\"\" type=\"email\" name=\"your-email\" \/><\/span> <\/label>\n<\/p>\n<p><label> Objeto<br \/>\n<span class=\"wpcf7-form-control-wrap\" data-name=\"your-subject\"><input size=\"40\" maxlength=\"400\" class=\"wpcf7-form-control wpcf7-text wpcf7-validates-as-required\" aria-required=\"true\" aria-invalid=\"false\" value=\"\" type=\"text\" name=\"your-subject\" \/><\/span> <\/label>\n<\/p>\n<p><label> Su mensaje<br \/>\n<span class=\"wpcf7-form-control-wrap\" data-name=\"your-message\"><textarea cols=\"40\" rows=\"10\" maxlength=\"2000\" class=\"wpcf7-form-control wpcf7-textarea\" aria-invalid=\"false\" name=\"your-message\"><\/textarea><\/span> <\/label>\n<\/p>\n<p><label class=\"case-a-cocher\"><span class=\"wpcf7-form-control-wrap\" data-name=\"acceptance-553\"><span class=\"wpcf7-form-control wpcf7-acceptance\"><span class=\"wpcf7-list-item\"><input type=\"checkbox\" name=\"acceptance-553\" value=\"1\" aria-invalid=\"false\" \/><\/span><\/span><\/span> <span>Al marcar esta casilla, acepto la <a href=\"\/es\/politica-de-privacidad\/\" rel=\"nofollow\">Pol\u00edtica de privacidad<\/a> de este sitio.<\/span><\/label>\n<\/p>\n<p><input class=\"wpcf7-form-control wpcf7-submit has-spinner\" type=\"submit\" value=\"Enviar\" \/>\n<\/p><div class=\"wpcf7-response-output\" aria-hidden=\"true\"><\/div>\n<\/form>\n<\/div>\n\n<\/div>\n<\/div>\n\n\r\n    <\/div>\r\n<\/section>\n\n<section id=\"ls-section-block_62b419d91210f\" class=\"ls-section  p-t-0\" >\r\n        <div class=\"container container--full\">\r\n        \n\n<div class=\"wp-block-columns is-layout-flex wp-container-core-columns-is-layout-9d6595d7 wp-block-columns-is-layout-flex\">\n<div class=\"wp-block-column is-layout-flow wp-block-column-is-layout-flow\">\n<iframe src=\"https:\/\/www.google.com\/maps\/embed?pb=!1m18!1m12!1m3!1d107987.83070559402!2d-1.0668136241331008!3d44.664365887334256!2m3!1f0!2f0!3f0!3m2!1i1024!2i768!4f13.1!3m3!1m2!1s0xd54963b8cfdb197%3A0xd5235c39dd36db57!2sCamping%20municipal%20Audenge%20%7C%20Camping%20le%20Braou%20%7C%20Arcachon!5e0!3m2!1sfr!2sus!4v1655969889953!5m2!1sfr!2sus\" width=\"100%\" height=\"450\" style=\"border:0;\" allowfullscreen=\"\" loading=\"lazy\"><\/iframe>\n<\/div>\n\n\n\n<div class=\"wp-block-column is-vertically-aligned-center is-layout-flow wp-block-column-is-layout-flow\">\n<h2 class=\"ls-heading wp-block-heading\">Llegar al camping<\/h2>\n\n\n\n<p class=\"ls-paragraph\">El camping municipal Le Braou se encuentra en el n\u00famero 26 de la Ruta de Burdeos en Audenge (33980).<\/p>\n\n\n\n<ul class=\"ls-list wp-block-list\"><li>Latitud : 44.684274772906164<\/li><li>Longitud : -1.0045491037201826<\/li><\/ul>\n<\/div>\n<\/div>\n\n\r\n    <\/div>\r\n<\/section>","protected":false},"excerpt":{"rendered":"","protected":false},"author":1,"featured_media":0,"parent":0,"menu_order":0,"comment_status":"closed","ping_status":"closed","template":"","meta":{"_acf_changed":false,"footnotes":""},"sujet":[],"class_list":["post-2605","page","type-page","status-publish","hentry"],"acf":[],"yoast_head":"<!-- This site is optimized with the Yoast SEO plugin v25.3 - https:\/\/yoast.com\/wordpress\/plugins\/seo\/ -->\n<title>Contacta el camping Braou | C\u00f3mo llegar al camping en Audenge<\/title>\n<meta name=\"robots\" content=\"index, follow, max-snippet:-1, max-image-preview:large, max-video-preview:-1\" \/>\n<link rel=\"canonical\" href=\"https:\/\/www.campingaudenge.com\/es\/contacto-acceso\/\" \/>\n<meta property=\"og:locale\" content=\"es_ES\" \/>\n<meta property=\"og:type\" content=\"article\" \/>\n<meta property=\"og:title\" content=\"Contacta el camping Braou | C\u00f3mo llegar al camping en Audenge\" \/>\n<meta property=\"og:url\" content=\"https:\/\/www.campingaudenge.com\/es\/contacto-acceso\/\" \/>\n<meta property=\"og:site_name\" content=\"Camping Le Braou\" \/>\n<meta property=\"article:modified_time\" content=\"2022-10-10T07:39:22+00:00\" \/>\n<meta name=\"twitter:card\" content=\"summary_large_image\" \/>\n<meta name=\"twitter:label1\" content=\"Tiempo de lectura\" \/>\n\t<meta name=\"twitter:data1\" content=\"1 minuto\" \/>\n<script type=\"application\/ld+json\" class=\"yoast-schema-graph\">{\"@context\":\"https:\/\/schema.org\",\"@graph\":[{\"@type\":\"WebPage\",\"@id\":\"https:\/\/www.campingaudenge.com\/es\/contacto-acceso\/\",\"url\":\"https:\/\/www.campingaudenge.com\/es\/contacto-acceso\/\",\"name\":\"Contacta el camping Braou | C\u00f3mo llegar al camping en Audenge\",\"isPartOf\":{\"@id\":\"https:\/\/www.campingaudenge.com\/#website\"},\"datePublished\":\"2022-04-19T10:24:31+00:00\",\"dateModified\":\"2022-10-10T07:39:22+00:00\",\"breadcrumb\":{\"@id\":\"https:\/\/www.campingaudenge.com\/es\/contacto-acceso\/#breadcrumb\"},\"inLanguage\":\"es\",\"potentialAction\":[{\"@type\":\"ReadAction\",\"target\":[\"https:\/\/www.campingaudenge.com\/es\/contacto-acceso\/\"]}]},{\"@type\":\"BreadcrumbList\",\"@id\":\"https:\/\/www.campingaudenge.com\/es\/contacto-acceso\/#breadcrumb\",\"itemListElement\":[{\"@type\":\"ListItem\",\"position\":1,\"name\":\"Camping Gironde\",\"item\":\"https:\/\/www.campingaudenge.com\/es\/\"},{\"@type\":\"ListItem\",\"position\":2,\"name\":\"Contacto y direcciones\"}]},{\"@type\":\"WebSite\",\"@id\":\"https:\/\/www.campingaudenge.com\/#website\",\"url\":\"https:\/\/www.campingaudenge.com\/\",\"name\":\"Camping Le Braou\",\"description\":\"\",\"publisher\":{\"@id\":\"https:\/\/www.campingaudenge.com\/#organization\"},\"potentialAction\":[{\"@type\":\"SearchAction\",\"target\":{\"@type\":\"EntryPoint\",\"urlTemplate\":\"https:\/\/www.campingaudenge.com\/?s={search_term_string}\"},\"query-input\":{\"@type\":\"PropertyValueSpecification\",\"valueRequired\":true,\"valueName\":\"search_term_string\"}}],\"inLanguage\":\"es\"},{\"@type\":\"Organization\",\"@id\":\"https:\/\/www.campingaudenge.com\/#organization\",\"name\":\"Camping Le Braou\",\"url\":\"https:\/\/www.campingaudenge.com\/\",\"logo\":{\"@type\":\"ImageObject\",\"inLanguage\":\"es\",\"@id\":\"https:\/\/www.campingaudenge.com\/#\/schema\/logo\/image\/\",\"url\":\"https:\/\/www.campingaudenge.com\/wp-content\/uploads\/2022\/04\/logo-camping-du-braou.jpg\",\"contentUrl\":\"https:\/\/www.campingaudenge.com\/wp-content\/uploads\/2022\/04\/logo-camping-du-braou.jpg\",\"width\":218,\"height\":218,\"caption\":\"Camping Le Braou\"},\"image\":{\"@id\":\"https:\/\/www.campingaudenge.com\/#\/schema\/logo\/image\/\"}}]}<\/script>\n<!-- \/ Yoast SEO plugin. -->","yoast_head_json":{"title":"Contacta el camping Braou | C\u00f3mo llegar al camping en Audenge","robots":{"index":"index","follow":"follow","max-snippet":"max-snippet:-1","max-image-preview":"max-image-preview:large","max-video-preview":"max-video-preview:-1"},"canonical":"https:\/\/www.campingaudenge.com\/es\/contacto-acceso\/","og_locale":"es_ES","og_type":"article","og_title":"Contacta el camping Braou | C\u00f3mo llegar al camping en Audenge","og_url":"https:\/\/www.campingaudenge.com\/es\/contacto-acceso\/","og_site_name":"Camping Le Braou","article_modified_time":"2022-10-10T07:39:22+00:00","twitter_card":"summary_large_image","twitter_misc":{"Tiempo de lectura":"1 minuto"},"schema":{"@context":"https:\/\/schema.org","@graph":[{"@type":"WebPage","@id":"https:\/\/www.campingaudenge.com\/es\/contacto-acceso\/","url":"https:\/\/www.campingaudenge.com\/es\/contacto-acceso\/","name":"Contacta el camping Braou | C\u00f3mo llegar al camping en Audenge","isPartOf":{"@id":"https:\/\/www.campingaudenge.com\/#website"},"datePublished":"2022-04-19T10:24:31+00:00","dateModified":"2022-10-10T07:39:22+00:00","breadcrumb":{"@id":"https:\/\/www.campingaudenge.com\/es\/contacto-acceso\/#breadcrumb"},"inLanguage":"es","potentialAction":[{"@type":"ReadAction","target":["https:\/\/www.campingaudenge.com\/es\/contacto-acceso\/"]}]},{"@type":"BreadcrumbList","@id":"https:\/\/www.campingaudenge.com\/es\/contacto-acceso\/#breadcrumb","itemListElement":[{"@type":"ListItem","position":1,"name":"Camping Gironde","item":"https:\/\/www.campingaudenge.com\/es\/"},{"@type":"ListItem","position":2,"name":"Contacto y direcciones"}]},{"@type":"WebSite","@id":"https:\/\/www.campingaudenge.com\/#website","url":"https:\/\/www.campingaudenge.com\/","name":"Camping Le Braou","description":"","publisher":{"@id":"https:\/\/www.campingaudenge.com\/#organization"},"potentialAction":[{"@type":"SearchAction","target":{"@type":"EntryPoint","urlTemplate":"https:\/\/www.campingaudenge.com\/?s={search_term_string}"},"query-input":{"@type":"PropertyValueSpecification","valueRequired":true,"valueName":"search_term_string"}}],"inLanguage":"es"},{"@type":"Organization","@id":"https:\/\/www.campingaudenge.com\/#organization","name":"Camping Le Braou","url":"https:\/\/www.campingaudenge.com\/","logo":{"@type":"ImageObject","inLanguage":"es","@id":"https:\/\/www.campingaudenge.com\/#\/schema\/logo\/image\/","url":"https:\/\/www.campingaudenge.com\/wp-content\/uploads\/2022\/04\/logo-camping-du-braou.jpg","contentUrl":"https:\/\/www.campingaudenge.com\/wp-content\/uploads\/2022\/04\/logo-camping-du-braou.jpg","width":218,"height":218,"caption":"Camping Le Braou"},"image":{"@id":"https:\/\/www.campingaudenge.com\/#\/schema\/logo\/image\/"}}]}},"_links":{"self":[{"href":"https:\/\/www.campingaudenge.com\/es\/wp-json\/wp\/v2\/pages\/2605","targetHints":{"allow":["GET"]}}],"collection":[{"href":"https:\/\/www.campingaudenge.com\/es\/wp-json\/wp\/v2\/pages"}],"about":[{"href":"https:\/\/www.campingaudenge.com\/es\/wp-json\/wp\/v2\/types\/page"}],"author":[{"embeddable":true,"href":"https:\/\/www.campingaudenge.com\/es\/wp-json\/wp\/v2\/users\/1"}],"replies":[{"embeddable":true,"href":"https:\/\/www.campingaudenge.com\/es\/wp-json\/wp\/v2\/comments?post=2605"}],"version-history":[{"count":5,"href":"https:\/\/www.campingaudenge.com\/es\/wp-json\/wp\/v2\/pages\/2605\/revisions"}],"predecessor-version":[{"id":2849,"href":"https:\/\/www.campingaudenge.com\/es\/wp-json\/wp\/v2\/pages\/2605\/revisions\/2849"}],"wp:attachment":[{"href":"https:\/\/www.campingaudenge.com\/es\/wp-json\/wp\/v2\/media?parent=2605"}],"wp:term":[{"taxonomy":"sujet","embeddable":true,"href":"https:\/\/www.campingaudenge.com\/es\/wp-json\/wp\/v2\/sujet?post=2605"}],"curies":[{"name":"wp","href":"https:\/\/api.w.org\/{rel}","templated":true}]}}