{"id":2546,"date":"2022-04-19T12:22:47","date_gmt":"2022-04-19T10:22:47","guid":{"rendered":"https:\/\/www.campingaudenge.com\/camping-avec-piscine-arcachon\/"},"modified":"2022-11-30T11:21:47","modified_gmt":"2022-11-30T10:21:47","slug":"camping-con-piscina-arcachon","status":"publish","type":"page","link":"https:\/\/www.campingaudenge.com\/es\/camping-con-piscina-arcachon\/","title":{"rendered":"Piscina"},"content":{"rendered":"<section id=\"ls-section-block_70359e8f8941d2853702929a94f96737\" class=\"ls-section  white-background home-first page-one container-super-wide\" >\r\n        <div class=\"container container--full\">\r\n        \n\n<div class=\"wp-block-columns container--wide is-layout-flex wp-container-core-columns-is-layout-9d6595d7 wp-block-columns-is-layout-flex\">\n<div class=\"wp-block-column is-layout-flow wp-block-column-is-layout-flow\" style=\"flex-basis:100%\">\n<h1 class=\"ls-heading wp-block-heading\">Camping con piscina en el Bassin d&#8217;Arcachon<\/h1>\n\n\n\n<p class=\"ls-paragraph\">Para sus pr\u00f3ximas <strong>vacaciones en familia<\/strong> entre Cap Ferret y Arcachon, podr\u00e1 disfrutar de las <strong>playas del famoso Bassin<\/strong>, que ofrece unas condiciones privilegiadas, al abrigo de los vientos del Oc\u00e9ano y que representa una especie de inmensa piscina natural. Sin embargo, cuando se aloje en nuestro camping con piscina en el Bassin d&#8217;Arcachon, tambi\u00e9n tendr\u00e1 el privilegio de nadar en nuestra zona acu\u00e1tica con <strong>piscina climatizada<\/strong> y piscina infantil.<\/p>\n\n\n\n<h2 class=\"ls__heading animated fadeInUp delay-200ms wp-block-heading\">Camping con piscina climatizada en la cuenca de Arcachon<\/h2>\n\n\n\n<p class=\"ls-paragraph\">\u00bfLe gustar\u00eda pasar unas vacaciones inolvidables con los pies en el agua en un <strong>camping familiar<\/strong> con una gran piscina? \u00bfUnas vacaciones en familia en un camping con parque acu\u00e1tico cerca de la <strong>Duna del Pilat<\/strong>? Imag\u00ednese que se despierta por la ma\u00f1ana, sale de su alojamiento de <a href=\"https:\/\/www.campingaudenge.com\/es\/alquilar-mobil-home-audenge\/\">alquiler en la cuenca de Arcachon<\/a>, se pone el traje de ba\u00f1o y se siente inmediatamente vigorizado por un chapuz\u00f3n en el agua clara y agradable de nuestra <strong>piscina climatizada<\/strong>\u2026<\/p>\n\n\n\n<p class=\"ls-paragraph\">\u00bfY qu\u00e9 decir de los m\u00e1s peque\u00f1os que pueden chapotear en la piscina infantil con total seguridad y tranquilidad bajo la atenta mirada de sus padres? \u00a1Qu\u00e9 suerte tiene de poder protegerse del calor estival de la <strong>cuenca de Arcachon<\/strong> durante sus vacaciones en autocaravana o en camping sumergi\u00e9ndose en nuestra <strong>piscina climatizada<\/strong> con tanta facilidad!<\/p>\n\n\n\n<p class=\"ls-paragraph\">La piscina exterior climatizada del <a href=\"https:\/\/www.campingaudenge.com\/es\/\">Camping Le Braou<\/a> no es s\u00f3lo un lugar para nadar: tambi\u00e9n es un lugar para reunirse y jugar. Tambi\u00e9n puede descansar y refrescarse en el <strong>solarium<\/strong> para tomar el sol y perfeccionar su bronceado mientras se relaja en una c\u00f3moda tumbona.<\/p>\n\n\n\n<p class=\"ls-paragraph\">Aunque la playa de Audenge, en la cuenca de Arcachon, y sus <strong>piscinas naturales<\/strong> est\u00e1n a s\u00f3lo unas calles de su alojamiento de vacaciones en un camping de 3 estrellas en la cuenca de Arcachon, no dejar\u00e1 de apreciar nuestra gran piscina climatizada. En efecto, despu\u00e9s de un d\u00eda de paseo por la costa atl\u00e1ntica, ponerse el ba\u00f1ador y relajarse en la piscina del camping en el <strong>Bassin d&#8217;Arcachon<\/strong> le parecer\u00e1 divino.<\/p>\n<\/div>\n<\/div>\n\n\n\n<figure class=\"wp-block-gallery has-nested-images columns-4 is-cropped p-t-5 animated fadeInUp delay-200ms wp-block-gallery-1 is-layout-flex wp-block-gallery-is-layout-flex\">\n<figure class=\"wp-block-image size-full\"><a href=\"https:\/\/www.campingaudenge.com\/wp-content\/uploads\/2022\/04\/fleurs-piscine-camping-du-braou-1.jpg\"><img loading=\"lazy\" decoding=\"async\" width=\"820\" height=\"615\" data-id=\"501\" src=\"https:\/\/www.campingaudenge.com\/wp-content\/uploads\/2022\/04\/fleurs-piscine-camping-du-braou-1.jpg\" alt=\"camping piscine chauffee\" class=\"wp-image-501\" srcset=\"https:\/\/www.campingaudenge.com\/wp-content\/uploads\/2022\/04\/fleurs-piscine-camping-du-braou-1.jpg 820w, https:\/\/www.campingaudenge.com\/wp-content\/uploads\/2022\/04\/fleurs-piscine-camping-du-braou-1-300x225.jpg 300w, https:\/\/www.campingaudenge.com\/wp-content\/uploads\/2022\/04\/fleurs-piscine-camping-du-braou-1-768x576.jpg 768w\" sizes=\"auto, (max-width: 820px) 100vw, 820px\" \/><\/a><\/figure>\n\n\n\n<figure class=\"wp-block-image size-full\"><a href=\"https:\/\/www.campingaudenge.com\/wp-content\/uploads\/2022\/04\/baignade-en-famille-camping-du-braou.jpg\"><img loading=\"lazy\" decoding=\"async\" width=\"640\" height=\"480\" data-id=\"375\" src=\"https:\/\/www.campingaudenge.com\/wp-content\/uploads\/2022\/04\/baignade-en-famille-camping-du-braou.jpg\" alt=\"Baignade en famille Camping du Braou\" class=\"wp-image-375\" srcset=\"https:\/\/www.campingaudenge.com\/wp-content\/uploads\/2022\/04\/baignade-en-famille-camping-du-braou.jpg 640w, https:\/\/www.campingaudenge.com\/wp-content\/uploads\/2022\/04\/baignade-en-famille-camping-du-braou-300x225.jpg 300w\" sizes=\"auto, (max-width: 640px) 100vw, 640px\" \/><\/a><\/figure>\n\n\n\n<figure class=\"wp-block-image size-full\"><a href=\"https:\/\/www.campingaudenge.com\/wp-content\/uploads\/2022\/04\/douche-psicine-camping-du-braou.jpg\"><img loading=\"lazy\" decoding=\"async\" width=\"800\" height=\"1067\" data-id=\"294\" src=\"https:\/\/www.campingaudenge.com\/wp-content\/uploads\/2022\/04\/douche-psicine-camping-du-braou.jpg\" alt=\"Douche piscine Camping du Braou\" class=\"wp-image-294\" srcset=\"https:\/\/www.campingaudenge.com\/wp-content\/uploads\/2022\/04\/douche-psicine-camping-du-braou.jpg 800w, https:\/\/www.campingaudenge.com\/wp-content\/uploads\/2022\/04\/douche-psicine-camping-du-braou-225x300.jpg 225w, https:\/\/www.campingaudenge.com\/wp-content\/uploads\/2022\/04\/douche-psicine-camping-du-braou-768x1024.jpg 768w\" sizes=\"auto, (max-width: 800px) 100vw, 800px\" \/><\/a><\/figure>\n\n\n\n<figure class=\"wp-block-image size-full\"><a href=\"https:\/\/www.campingaudenge.com\/wp-content\/uploads\/2022\/04\/espace-aquatique-bassin-arcachon-camping-du-braou.jpg\"><img loading=\"lazy\" decoding=\"async\" width=\"1920\" height=\"1281\" data-id=\"384\" src=\"https:\/\/www.campingaudenge.com\/wp-content\/uploads\/2022\/04\/espace-aquatique-bassin-arcachon-camping-du-braou.jpg\" alt=\"espace aquatique bassin arcachon camping du braou\" class=\"wp-image-384\" srcset=\"https:\/\/www.campingaudenge.com\/wp-content\/uploads\/2022\/04\/espace-aquatique-bassin-arcachon-camping-du-braou.jpg 1920w, https:\/\/www.campingaudenge.com\/wp-content\/uploads\/2022\/04\/espace-aquatique-bassin-arcachon-camping-du-braou-300x200.jpg 300w, https:\/\/www.campingaudenge.com\/wp-content\/uploads\/2022\/04\/espace-aquatique-bassin-arcachon-camping-du-braou-1024x683.jpg 1024w, https:\/\/www.campingaudenge.com\/wp-content\/uploads\/2022\/04\/espace-aquatique-bassin-arcachon-camping-du-braou-768x512.jpg 768w, https:\/\/www.campingaudenge.com\/wp-content\/uploads\/2022\/04\/espace-aquatique-bassin-arcachon-camping-du-braou-1536x1025.jpg 1536w\" sizes=\"auto, (max-width: 1920px) 100vw, 1920px\" \/><\/a><\/figure>\n<\/figure>\n\n\r\n    <\/div>\r\n<\/section>\n\n<section id=\"ls-section-block_441fd67f021c56f8db1b859c7fdba8e7\" class=\"ls-section  home-second page-two has-background has-color-1-background-color\" >\r\n        <div class=\"container container--wide\">\r\n        \n\n<h2 class=\"ls__heading has-text-align-center animated fadeInUp delay-100ms wp-block-heading\">Zona acu\u00e1tica en el camping de la cuenca de Arcachon<\/h2>\n\n\n\n<div class=\"wp-block-columns are-vertically-aligned-center is-layout-flex wp-container-core-columns-is-layout-9d6595d7 wp-block-columns-is-layout-flex\">\n<div class=\"wp-block-column is-vertically-aligned-center is-layout-flow wp-block-column-is-layout-flow\" style=\"flex-basis:40%\">\n<p class=\"ls-paragraph\">El <strong>parque acu\u00e1tico<\/strong> de su camping con piscina en el Bassin d&#8217;Arcachon es un lugar ideal para toda la familia.<\/p>\n\n\n\n<p class=\"ls-paragraph\">Los beb\u00e9s y los ni\u00f1os peque\u00f1os pueden divertirse en la piscina infantil, mientras que los ni\u00f1os mayores y los adolescentes pueden enfrentarse a retos acu\u00e1ticos y l\u00fadicos cada vez m\u00e1s emocionantes.<\/p>\n\n\n\n<p class=\"ls-paragraph\">Aquellos a los que les gusta nadar en la piscina tendr\u00e1n todo el espacio que necesitan para nadar en paz y tranquilidad, mientras que a los que les gusta holgazanear y echar una siesta o leer un libro s\u00f3lo tendr\u00e1n que sentarse c\u00f3modamente en su tumbona junto a la piscina.<\/p>\n<\/div>\n\n\n\n<div class=\"wp-block-column is-vertically-aligned-center is-layout-flow wp-block-column-is-layout-flow\" style=\"flex-basis:60%\">\n<figure class=\"wp-block-gallery has-nested-images columns-default is-cropped galerie-piscine wp-block-gallery-2 is-layout-flex wp-block-gallery-is-layout-flex\">\n<figure class=\"wp-block-image size-full animated fadeInRight delay-200ms\"><a href=\"https:\/\/www.campingaudenge.com\/wp-content\/uploads\/2022\/04\/piscine-audenge-camping-du-braou.jpg\"><img loading=\"lazy\" decoding=\"async\" width=\"900\" height=\"601\" data-id=\"396\" src=\"https:\/\/www.campingaudenge.com\/wp-content\/uploads\/2022\/04\/piscine-audenge-camping-du-braou.jpg\" alt=\"Piscine Audenge camping du Braou\" class=\"wp-image-396\" srcset=\"https:\/\/www.campingaudenge.com\/wp-content\/uploads\/2022\/04\/piscine-audenge-camping-du-braou.jpg 900w, https:\/\/www.campingaudenge.com\/wp-content\/uploads\/2022\/04\/piscine-audenge-camping-du-braou-300x200.jpg 300w, https:\/\/www.campingaudenge.com\/wp-content\/uploads\/2022\/04\/piscine-audenge-camping-du-braou-768x513.jpg 768w\" sizes=\"auto, (max-width: 900px) 100vw, 900px\" \/><\/a><\/figure>\n<\/figure>\n<\/div>\n<\/div>\n\n\r\n    <\/div>\r\n<\/section>\n\n<section id=\"ls-section-block_7b7bdf9105fb4b9f5c1b7dee9035e9b7\" class=\"ls-section  page-six\" >\r\n        <div class=\"container container--wide\">\r\n        \n\n<div class=\"wp-block-columns is-layout-flex wp-container-core-columns-is-layout-9d6595d7 wp-block-columns-is-layout-flex\">\n<div class=\"wp-block-column is-vertically-aligned-center is-layout-flow wp-block-column-is-layout-flow\" style=\"flex-basis:60%\">\n<figure class=\"wp-block-gallery has-nested-images columns-default is-cropped galerie-piscine galerie-piscine__tongs wp-block-gallery-3 is-layout-flex wp-block-gallery-is-layout-flex\">\n<figure class=\"wp-block-image size-full animated fadeInLeft delay-200ms\"><a href=\"https:\/\/www.campingaudenge.com\/wp-content\/uploads\/2022\/04\/espace-aquatique-audenge-camping-du-braou.jpg\"><img loading=\"lazy\" decoding=\"async\" width=\"900\" height=\"601\" data-id=\"381\" src=\"https:\/\/www.campingaudenge.com\/wp-content\/uploads\/2022\/04\/espace-aquatique-audenge-camping-du-braou.jpg\" alt=\"Espace aquatique Audenge Camping du Braou\" class=\"wp-image-381\" srcset=\"https:\/\/www.campingaudenge.com\/wp-content\/uploads\/2022\/04\/espace-aquatique-audenge-camping-du-braou.jpg 900w, https:\/\/www.campingaudenge.com\/wp-content\/uploads\/2022\/04\/espace-aquatique-audenge-camping-du-braou-300x200.jpg 300w, https:\/\/www.campingaudenge.com\/wp-content\/uploads\/2022\/04\/espace-aquatique-audenge-camping-du-braou-768x513.jpg 768w\" sizes=\"auto, (max-width: 900px) 100vw, 900px\" \/><\/a><\/figure>\n<\/figure>\n<\/div>\n\n\n\n<div class=\"wp-block-column is-vertically-aligned-center is-layout-flow wp-block-column-is-layout-flow\" style=\"flex-basis:40%\">\n<p class=\"ls-paragraph\">No es necesario que se aloje en una casa m\u00f3vil: incluso si le gusta la acampada tradicional y alquila una <a href=\"https:\/\/www.campingaudenge.com\/es\/alquiler-ubicacion-audenge\/\">parcela desnuda<\/a> de nuestras zonas de tiendas y autocaravanas, se alegrar\u00e1 de haber elegido el <a href=\"https:\/\/www.campingaudenge.com\/es\/camping-barato-arcachon\/\">Camping Le Braou, uno de los m\u00e1s asequibles de la cuenca de Arcachon<\/a>, que acoge a todos los veraneantes con su <strong>parque acu\u00e1tico y su piscina climatizada.<\/strong><\/p>\n\n\n\n<p class=\"ls-paragraph\">Y si no ha tenido suficiente con los placeres del agua, los ni\u00f1os pueden seguir haciendo travesuras en el parque infantil con tobog\u00e1n y los adultos pueden disfrutar de la convivencia de las veladas y otras actividades propuestas por nuestro equipo en Le Braou, su camping con piscina en la bah\u00eda de Arcachon.<\/p>\n\n\n\n<p class=\"ls-paragraph\">Tanto si prefiere tomar el sol y relajarse en las tumbonas, como si prefiere jugar a los juegos de agua o nadar para hacer ejercicio, las piscinas tienen la ventaja de poner a todo el mundo de acuerdo: \u00a1unas vacaciones de \u00e9xito son unas vacaciones en el Camping Le Braou,<strong> un camping con piscina en la Bah\u00eda de Arcachon!<\/strong><\/p>\n<\/div>\n<\/div>\n\n\r\n    <\/div>\r\n<\/section>\n\n<section id=\"ls-section-block_5f15a4602e38f44519c9e67c32e5c48b\" class=\"ls-section  animated fadeInUp delay-100ms\" >\r\n        <div class=\"container container--wide\">\r\n        \n\n<div id=\"ls-heading ls-titre-div-block_b03bdae50676cf5818f9cda8ec7b8cfa\" class=\"ls-titre-div aligncenter h2-like\" >\n    Parcelas y precios en el camping<\/div>\n\n\n<div id=\"ls-maillage-block_f433b40e042aeb05ac525c3e1ad24fd0\" class=\"ls-maillage cta-style-normal\" data-rows=\"3\">\r\n    <div class=\"wp-block-columns\"><div class=\"wp-block-column\">\n\n<a href=\"https:\/\/www.campingaudenge.com\/es\/alquilar-mobil-home-audenge\/\" target=\"\" rel=\"noopener\" class=\"ls-cta__link\">\n\n\t<div class=\"ls-cta__image\"><img decoding=\"async\" src=\"https:\/\/www.campingaudenge.com\/wp-content\/uploads\/2022\/06\/mobil-homes-pas-cher-768x576.jpg\" alt=\"mobile homes pas cher\"><\/div>\n\t<div class=\"ls-cta__title\">\n\t\tAlquileres\t<\/div>\n\n\t\n<\/a><\/div><div class=\"wp-block-column\">\n\n<a href=\"https:\/\/www.campingaudenge.com\/es\/camping-barato-arcachon\/\" target=\"\" rel=\"noopener\" class=\"ls-cta__link\">\n\n\t<div class=\"ls-cta__image\"><img decoding=\"async\" src=\"https:\/\/www.campingaudenge.com\/wp-content\/uploads\/2022\/04\/lodge-camping-du-braou-768x581.jpg\" alt=\"Lodge camping du Braou\"><\/div>\n\t<div class=\"ls-cta__title\">\n\t\tTarifas\t<\/div>\n\n\t\n<\/a><\/div><div class=\"wp-block-column\">\n\n<a href=\"https:\/\/www.campingaudenge.com\/es\/alquiler-ubicacion-audenge\/\" target=\"\" rel=\"noopener\" class=\"ls-cta__link\">\n\n\t<div class=\"ls-cta__image\"><img decoding=\"async\" src=\"https:\/\/www.campingaudenge.com\/wp-content\/uploads\/2022\/06\/emplacement-camping-pas-cher-768x576.jpg\" alt=\"emplacement camping pas cher\"><\/div>\n\t<div class=\"ls-cta__title\">\n\t\tParcelas\t<\/div>\n\n\t\n<\/a><\/div><\/div><\/div>\n\r\n    <\/div>\r\n<\/section>","protected":false},"excerpt":{"rendered":"","protected":false},"author":1,"featured_media":498,"parent":0,"menu_order":0,"comment_status":"closed","ping_status":"closed","template":"","meta":{"_acf_changed":false,"footnotes":""},"sujet":[],"class_list":["post-2546","page","type-page","status-publish","has-post-thumbnail","hentry"],"acf":[],"yoast_head":"<!-- This site is optimized with the Yoast SEO plugin v25.3 - https:\/\/yoast.com\/wordpress\/plugins\/seo\/ -->\n<title>Camping con piscina climatizada en la cuenca de Arcachon, en Gironda<\/title>\n<meta name=\"description\" content=\"Le Braou, camping con piscina en la cuenca de Arcachon, le acoge para un ba\u00f1o en Audenge, a orillas del mar. Piscina climatizada y piscina infantil :)\" \/>\n<meta name=\"robots\" content=\"index, follow, max-snippet:-1, max-image-preview:large, max-video-preview:-1\" \/>\n<link rel=\"canonical\" href=\"https:\/\/www.campingaudenge.com\/es\/camping-con-piscina-arcachon\/\" \/>\n<meta property=\"og:locale\" content=\"es_ES\" \/>\n<meta property=\"og:type\" content=\"article\" \/>\n<meta property=\"og:title\" content=\"Camping con piscina climatizada en la cuenca de Arcachon, en Gironda\" \/>\n<meta property=\"og:description\" content=\"Le Braou, camping con piscina en la cuenca de Arcachon, le acoge para un ba\u00f1o en Audenge, a orillas del mar. Piscina climatizada y piscina infantil :)\" \/>\n<meta property=\"og:url\" content=\"https:\/\/www.campingaudenge.com\/es\/camping-con-piscina-arcachon\/\" \/>\n<meta property=\"og:site_name\" content=\"Camping Le Braou\" \/>\n<meta property=\"article:modified_time\" content=\"2022-11-30T10:21:47+00:00\" \/>\n<meta property=\"og:image\" content=\"https:\/\/www.campingaudenge.com\/wp-content\/uploads\/2022\/04\/camping-piscine-arcachon.jpg\" \/>\n\t<meta property=\"og:image:width\" content=\"1900\" \/>\n\t<meta property=\"og:image:height\" content=\"500\" \/>\n\t<meta property=\"og:image:type\" content=\"image\/jpeg\" \/>\n<meta name=\"twitter:card\" content=\"summary_large_image\" \/>\n<meta name=\"twitter:label1\" content=\"Tiempo de lectura\" \/>\n\t<meta name=\"twitter:data1\" content=\"5 minutos\" \/>\n<script type=\"application\/ld+json\" class=\"yoast-schema-graph\">{\"@context\":\"https:\/\/schema.org\",\"@graph\":[{\"@type\":\"WebPage\",\"@id\":\"https:\/\/www.campingaudenge.com\/es\/camping-con-piscina-arcachon\/\",\"url\":\"https:\/\/www.campingaudenge.com\/es\/camping-con-piscina-arcachon\/\",\"name\":\"Camping con piscina climatizada en la cuenca de Arcachon, en Gironda\",\"isPartOf\":{\"@id\":\"https:\/\/www.campingaudenge.com\/#website\"},\"primaryImageOfPage\":{\"@id\":\"https:\/\/www.campingaudenge.com\/es\/camping-con-piscina-arcachon\/#primaryimage\"},\"image\":{\"@id\":\"https:\/\/www.campingaudenge.com\/es\/camping-con-piscina-arcachon\/#primaryimage\"},\"thumbnailUrl\":\"https:\/\/www.campingaudenge.com\/wp-content\/uploads\/2022\/04\/camping-piscine-arcachon.jpg\",\"datePublished\":\"2022-04-19T10:22:47+00:00\",\"dateModified\":\"2022-11-30T10:21:47+00:00\",\"description\":\"Le Braou, camping con piscina en la cuenca de Arcachon, le acoge para un ba\u00f1o en Audenge, a orillas del mar. Piscina climatizada y piscina infantil :)\",\"breadcrumb\":{\"@id\":\"https:\/\/www.campingaudenge.com\/es\/camping-con-piscina-arcachon\/#breadcrumb\"},\"inLanguage\":\"es\",\"potentialAction\":[{\"@type\":\"ReadAction\",\"target\":[\"https:\/\/www.campingaudenge.com\/es\/camping-con-piscina-arcachon\/\"]}]},{\"@type\":\"ImageObject\",\"inLanguage\":\"es\",\"@id\":\"https:\/\/www.campingaudenge.com\/es\/camping-con-piscina-arcachon\/#primaryimage\",\"url\":\"https:\/\/www.campingaudenge.com\/wp-content\/uploads\/2022\/04\/camping-piscine-arcachon.jpg\",\"contentUrl\":\"https:\/\/www.campingaudenge.com\/wp-content\/uploads\/2022\/04\/camping-piscine-arcachon.jpg\",\"width\":1900,\"height\":500,\"caption\":\"camping piscine arcachon\"},{\"@type\":\"BreadcrumbList\",\"@id\":\"https:\/\/www.campingaudenge.com\/es\/camping-con-piscina-arcachon\/#breadcrumb\",\"itemListElement\":[{\"@type\":\"ListItem\",\"position\":1,\"name\":\"Camping Gironde\",\"item\":\"https:\/\/www.campingaudenge.com\/es\/\"},{\"@type\":\"ListItem\",\"position\":2,\"name\":\"Camping con piscina climatizada en Arcachon\"}]},{\"@type\":\"WebSite\",\"@id\":\"https:\/\/www.campingaudenge.com\/#website\",\"url\":\"https:\/\/www.campingaudenge.com\/\",\"name\":\"Camping Le Braou\",\"description\":\"\",\"publisher\":{\"@id\":\"https:\/\/www.campingaudenge.com\/#organization\"},\"potentialAction\":[{\"@type\":\"SearchAction\",\"target\":{\"@type\":\"EntryPoint\",\"urlTemplate\":\"https:\/\/www.campingaudenge.com\/?s={search_term_string}\"},\"query-input\":{\"@type\":\"PropertyValueSpecification\",\"valueRequired\":true,\"valueName\":\"search_term_string\"}}],\"inLanguage\":\"es\"},{\"@type\":\"Organization\",\"@id\":\"https:\/\/www.campingaudenge.com\/#organization\",\"name\":\"Camping Le Braou\",\"url\":\"https:\/\/www.campingaudenge.com\/\",\"logo\":{\"@type\":\"ImageObject\",\"inLanguage\":\"es\",\"@id\":\"https:\/\/www.campingaudenge.com\/#\/schema\/logo\/image\/\",\"url\":\"https:\/\/www.campingaudenge.com\/wp-content\/uploads\/2022\/04\/logo-camping-du-braou.jpg\",\"contentUrl\":\"https:\/\/www.campingaudenge.com\/wp-content\/uploads\/2022\/04\/logo-camping-du-braou.jpg\",\"width\":218,\"height\":218,\"caption\":\"Camping Le Braou\"},\"image\":{\"@id\":\"https:\/\/www.campingaudenge.com\/#\/schema\/logo\/image\/\"}}]}<\/script>\n<!-- \/ Yoast SEO plugin. -->","yoast_head_json":{"title":"Camping con piscina climatizada en la cuenca de Arcachon, en Gironda","description":"Le Braou, camping con piscina en la cuenca de Arcachon, le acoge para un ba\u00f1o en Audenge, a orillas del mar. Piscina climatizada y piscina infantil :)","robots":{"index":"index","follow":"follow","max-snippet":"max-snippet:-1","max-image-preview":"max-image-preview:large","max-video-preview":"max-video-preview:-1"},"canonical":"https:\/\/www.campingaudenge.com\/es\/camping-con-piscina-arcachon\/","og_locale":"es_ES","og_type":"article","og_title":"Camping con piscina climatizada en la cuenca de Arcachon, en Gironda","og_description":"Le Braou, camping con piscina en la cuenca de Arcachon, le acoge para un ba\u00f1o en Audenge, a orillas del mar. Piscina climatizada y piscina infantil :)","og_url":"https:\/\/www.campingaudenge.com\/es\/camping-con-piscina-arcachon\/","og_site_name":"Camping Le Braou","article_modified_time":"2022-11-30T10:21:47+00:00","og_image":[{"width":1900,"height":500,"url":"https:\/\/www.campingaudenge.com\/wp-content\/uploads\/2022\/04\/camping-piscine-arcachon.jpg","type":"image\/jpeg"}],"twitter_card":"summary_large_image","twitter_misc":{"Tiempo de lectura":"5 minutos"},"schema":{"@context":"https:\/\/schema.org","@graph":[{"@type":"WebPage","@id":"https:\/\/www.campingaudenge.com\/es\/camping-con-piscina-arcachon\/","url":"https:\/\/www.campingaudenge.com\/es\/camping-con-piscina-arcachon\/","name":"Camping con piscina climatizada en la cuenca de Arcachon, en Gironda","isPartOf":{"@id":"https:\/\/www.campingaudenge.com\/#website"},"primaryImageOfPage":{"@id":"https:\/\/www.campingaudenge.com\/es\/camping-con-piscina-arcachon\/#primaryimage"},"image":{"@id":"https:\/\/www.campingaudenge.com\/es\/camping-con-piscina-arcachon\/#primaryimage"},"thumbnailUrl":"https:\/\/www.campingaudenge.com\/wp-content\/uploads\/2022\/04\/camping-piscine-arcachon.jpg","datePublished":"2022-04-19T10:22:47+00:00","dateModified":"2022-11-30T10:21:47+00:00","description":"Le Braou, camping con piscina en la cuenca de Arcachon, le acoge para un ba\u00f1o en Audenge, a orillas del mar. Piscina climatizada y piscina infantil :)","breadcrumb":{"@id":"https:\/\/www.campingaudenge.com\/es\/camping-con-piscina-arcachon\/#breadcrumb"},"inLanguage":"es","potentialAction":[{"@type":"ReadAction","target":["https:\/\/www.campingaudenge.com\/es\/camping-con-piscina-arcachon\/"]}]},{"@type":"ImageObject","inLanguage":"es","@id":"https:\/\/www.campingaudenge.com\/es\/camping-con-piscina-arcachon\/#primaryimage","url":"https:\/\/www.campingaudenge.com\/wp-content\/uploads\/2022\/04\/camping-piscine-arcachon.jpg","contentUrl":"https:\/\/www.campingaudenge.com\/wp-content\/uploads\/2022\/04\/camping-piscine-arcachon.jpg","width":1900,"height":500,"caption":"camping piscine arcachon"},{"@type":"BreadcrumbList","@id":"https:\/\/www.campingaudenge.com\/es\/camping-con-piscina-arcachon\/#breadcrumb","itemListElement":[{"@type":"ListItem","position":1,"name":"Camping Gironde","item":"https:\/\/www.campingaudenge.com\/es\/"},{"@type":"ListItem","position":2,"name":"Camping con piscina climatizada en Arcachon"}]},{"@type":"WebSite","@id":"https:\/\/www.campingaudenge.com\/#website","url":"https:\/\/www.campingaudenge.com\/","name":"Camping Le Braou","description":"","publisher":{"@id":"https:\/\/www.campingaudenge.com\/#organization"},"potentialAction":[{"@type":"SearchAction","target":{"@type":"EntryPoint","urlTemplate":"https:\/\/www.campingaudenge.com\/?s={search_term_string}"},"query-input":{"@type":"PropertyValueSpecification","valueRequired":true,"valueName":"search_term_string"}}],"inLanguage":"es"},{"@type":"Organization","@id":"https:\/\/www.campingaudenge.com\/#organization","name":"Camping Le Braou","url":"https:\/\/www.campingaudenge.com\/","logo":{"@type":"ImageObject","inLanguage":"es","@id":"https:\/\/www.campingaudenge.com\/#\/schema\/logo\/image\/","url":"https:\/\/www.campingaudenge.com\/wp-content\/uploads\/2022\/04\/logo-camping-du-braou.jpg","contentUrl":"https:\/\/www.campingaudenge.com\/wp-content\/uploads\/2022\/04\/logo-camping-du-braou.jpg","width":218,"height":218,"caption":"Camping Le Braou"},"image":{"@id":"https:\/\/www.campingaudenge.com\/#\/schema\/logo\/image\/"}}]}},"_links":{"self":[{"href":"https:\/\/www.campingaudenge.com\/es\/wp-json\/wp\/v2\/pages\/2546","targetHints":{"allow":["GET"]}}],"collection":[{"href":"https:\/\/www.campingaudenge.com\/es\/wp-json\/wp\/v2\/pages"}],"about":[{"href":"https:\/\/www.campingaudenge.com\/es\/wp-json\/wp\/v2\/types\/page"}],"author":[{"embeddable":true,"href":"https:\/\/www.campingaudenge.com\/es\/wp-json\/wp\/v2\/users\/1"}],"replies":[{"embeddable":true,"href":"https:\/\/www.campingaudenge.com\/es\/wp-json\/wp\/v2\/comments?post=2546"}],"version-history":[{"count":9,"href":"https:\/\/www.campingaudenge.com\/es\/wp-json\/wp\/v2\/pages\/2546\/revisions"}],"predecessor-version":[{"id":2950,"href":"https:\/\/www.campingaudenge.com\/es\/wp-json\/wp\/v2\/pages\/2546\/revisions\/2950"}],"wp:featuredmedia":[{"embeddable":true,"href":"https:\/\/www.campingaudenge.com\/es\/wp-json\/wp\/v2\/media\/498"}],"wp:attachment":[{"href":"https:\/\/www.campingaudenge.com\/es\/wp-json\/wp\/v2\/media?parent=2546"}],"wp:term":[{"taxonomy":"sujet","embeddable":true,"href":"https:\/\/www.campingaudenge.com\/es\/wp-json\/wp\/v2\/sujet?post=2546"}],"curies":[{"name":"wp","href":"https:\/\/api.w.org\/{rel}","templated":true}]}}